{"id":1867,"date":"2018-06-20T14:13:07","date_gmt":"2018-06-20T14:13:07","guid":{"rendered":"http:\/\/www.omega-partner.hr\/?page_id=1867"},"modified":"2021-11-03T23:22:59","modified_gmt":"2021-11-03T23:22:59","slug":"pravila-privatnosti","status":"publish","type":"page","link":"https:\/\/www.omega-partner.hr\/en\/pravila-privatnosti\/","title":{"rendered":"Pravila privatnosti"},"content":{"rendered":"<p>[vc_row][vc_column][rev_slider_vc alias=&#8221;privatnost&#8221;][\/vc_column][\/vc_row][vc_row][vc_column][vc_column_text]<\/p>\n<p style=\"text-align: justify;\">Ovim pravilom privatnosti <strong>OMEGA PARTNER d.o.o. <\/strong>(dalje u tekstu: Dru\u0161tvo) vam u skladu s Op\u0107om uredbom o za\u0161titi osobnih podataka daje osnovne informacije o obradi va\u0161ih osobnih podataka. Stoga vas molimo da pa\u017eljivo pro\u010ditate tekst u nastavku te da nam se, u slu\u010daju nejasno\u0107a ili potrebe za dodatnim informacijama u svezi s obradom osobnih podataka, javite.<\/p>\n<div id=\"content\" class=\"content\">\n<div class=\"flex_column av_one_full av-animated-generic bottom-to-top flex_column_div av-zero-column-padding first avia-builder-el-3 el_after_av_one_full avia-builder-el-last column-top-margin avia_start_animation avia_start_delayed_animation\">\n<section class=\"av_textblock_section \">\n<div class=\"avia_textblock \">\n<h3 style=\"text-align: justify;\"><strong>Povjerenik za za\u0161titu osobnih podataka<\/strong><\/h3>\n<p style=\"text-align: justify;\">Dru\u0161tvo je imenovalo povjerenika za za\u0161titu osobnih podatka kojega mo\u017eete kontaktirati u pogledu svih pitanja povezanih s obradom va\u0161ih osobnih podataka i ostvarivanjem prava za\u0161tite osobnih podataka.<\/p>\n<p style=\"text-align: justify;\">Kontakt:<\/p>\n<p style=\"text-align: justify;\">Tel: +385 (0)91 162 26 00<br \/>\nKontaktirajte nas<\/p>\n<p style=\"text-align: justify;\">E-mail: <a href=\"mailto:partner.omega@gmail.com\">partner.omega@gmail.com<\/a><\/p>\n<h3 style=\"text-align: justify;\"><strong>Svrha prikupljanja osobnih podatka i pravna osnova obrade<\/strong><\/h3>\n<p style=\"text-align: justify;\">Svrhu i na\u010dine obrade osobnih podataka mo\u017ee odrediti Dru\u0161tvo ili koji od partnera Dru\u0161tva s kojim Dru\u0161tvo ima sklopljen ugovor u svezi s obradom osobnih podataka ili to mogu u\u010diniti zajedni\u010dki.<\/p>\n<p style=\"text-align: justify;\">Kada Dru\u0161tvo samo odredi svrhu i sredstva obrade osobnih podataka ono je voditelj obrade osobnih podataka.<\/p>\n<p style=\"text-align: justify;\">Kada Dru\u0161tvo kao voditelj obrade osobnih podataka zajedno s jednim ili vi\u0161e partnera kao voditelj-em\/ima obrade podataka odredi svrhu i sredstva obrade osobnih podataka, oni su zajedni\u010dki voditelji obrade osobnih podataka.<\/p>\n<p style=\"text-align: justify;\">Kada Dru\u0161tvo obra\u0111uje podatke u ime voditelja obrade, tada je Dru\u0161tvo izvr\u0161itelj obrade osobnih podataka i obra\u0111uje podatke u skladu sa zahtjevima voditelja obrade. U tom slu\u010daju voditelj obrade odre\u0111uje koje osobne podatke i u kojem obujmu Dru\u0161tvo kao izvr\u0161itelj obrade treba prikupiti od ispitanika. O tome \u0107ete biti obavije\u0161teni u trenutku prikupljanja osobnih podataka.<\/p>\n<p style=\"text-align: justify;\">Osnovna svrha prikupljanja osobnih podataka je prezentiranje i nu\u0111enje te provo\u0111enje drugih pripremnih radnji vezanih uz ugovor o kreditu ili poduzimanje radnji na va\u0161 zahtjev prije sklapanja ugovora ili zakonske obveze Dru\u0161tva (osobito obveze koje se odnose na sprje\u010davanje pranja novca i financiranja terorizma). Pru\u017eanje va\u0161ih osobnih podataka je potrebno za uspostavljanje poslovnog odnosa u svrhu prodaje i dostave robe<\/p>\n<p style=\"text-align: justify;\">U slu\u010daju da zatrebamo odre\u0111ene osobne podatke\u00a0koji su nam neophodni za pru\u017eanje zatra\u017eene usluge ili prodaje roba, o istome \u0107emo vas pravovremeno i na odgovaraju\u0107i na\u010din obavijestiti.<\/p>\n<p style=\"text-align: justify;\">Prilikom samog pregledavanja internetskih stranica\u00a0 Dru\u0161tva, Dru\u0161tvo ne prikuplja va\u0161e osobne podatke kao npr. ime i prezime, adresa, telefonski broj, e-mail adresa i sli\u010dno. Prilikom posjete internetskim stranicama Dru\u0161tva va\u0161i osobni podaci ostaju tajni, osim ukoliko ih ne \u017eelite dobrovoljno otkriti.<\/p>\n<p style=\"text-align: justify;\">Na odre\u0111enim mjestima unutar\u00a0internetskih stranica Dru\u0161tva (\u201ekontakt\u201c, \u201eupit\u201c, \u201eupitnik\u201c \u201cNarud\u017eba\u201d ili sli\u010dno) prikupljamo va\u0161e osobne podatke (ime, prezime, adresu, telefonski broj, e-mail adresu, \u2026) koje nam dajete tako \u0161to ispunite predmetni upitnik na internetskoj stranici. Navedeni podaci \u0107e se koristiti u svrhu kontakata, odgovaranja na va\u0161e upite, pru\u017eanje informacija na va\u0161 zahtjev i evidencije korisnika internetske stranice, a nu\u017eni su da bismo vam odgovorili na va\u0161 upit i pru\u017eili uslugu odnosno prodavali robu. U tom slu\u010daju, kada upisujete svoje osobne podatke u za to predvi\u0111eno mjesto na internetskim stranicama Dru\u0161tva, potvr\u0111ujete i dajete svoj pristanak da se s va\u0161e strane dani osobni podaci dobrovoljno stavljaju na raspolaganje Dru\u0161tvu te da dozvoljavate da se isti koriste za svrhu kako je to navedeno.<\/p>\n<p style=\"text-align: justify;\">Va\u0161e osobne podatke Dru\u0161tvo \u0107e obra\u0111ivati i radi izvr\u0161avanja zakonskih obveza Dru\u0161tva, kao \u0161to su primjerice (ali ne isklju\u010divo) obveze propisane Zakonom o sprje\u010davanju pranja novca i financiranja terorizma te me\u0111unarodnih poreznih propisa (FATCA, CRS i sli\u010dno) odnosno onih propisnih Zakonom o potro\u0161a\u010dkom kreditiranju i Zakonom o stambenom potro\u0161a\u010dkom kreditiranju i propisima donesenim na temelju tih zakona. Ako nam ne \u017eelite dati te podatke, ne\u0107emo vam mo\u0107i isporu\u010diti robu.<\/p>\n<p style=\"text-align: justify;\">Pravnu osnovu za prethodno navedenu obradu podataka \u010dini \u010dlanak 6. stavak 1. to\u010dke (b) i (c) Op\u0107e uredbe o za\u0161titi osobnih podataka (obrada je nu\u017ena za izvr\u0161avanje ugovora u kojem je ispitanik stranka ili kako bi se poduzele radnje na zahtjev ispitanika prije sklapanja ugovora, obrada je nu\u017ena radi po\u0161tovanja pravnih obveza voditelja obrade).<\/p>\n<p style=\"text-align: justify;\">Dru\u0161tvo ima legitimni interes obavljati obradu osobnih podataka koja je nu\u017ena u svrhe sprje\u010davanja prijevara, a pravnu osnovu za to \u010dini \u010dlanak 6. stavak 1. to\u010dka (f) Op\u0107e uredbe o za\u0161titi osobnih podataka (obrada je nu\u017ena za potrebe legitimnih interesa voditelja obrade ili tre\u0107e strane, osim kada su od tih interesa ja\u010di interesi ili temeljna prava i slobode ispitanika koji zahtijevaju za\u0161titu osobnih podataka, osobito ako je ispitanik dijete).<\/p>\n<p style=\"text-align: justify;\">Ako za obradu va\u0161ih osobnih podataka ne postoji nijedna od prethodno navedenih svrha i osnova, va\u0161e osobne podatke obra\u0111ivat \u0107emo samo ako ste za to dali dobrovoljnu privolu. Pravnu osnovu za to \u010dini \u010dlanak 6. stavak 1. to\u010dka (a) Op\u0107e uredbe o za\u0161titi osobnih podataka (ispitanik je dao privolu za obradu svojih osobnih podataka u jednu ili vi\u0161e posebnih svrha).<\/p>\n<h3 style=\"text-align: justify;\"><strong>Primatelji ili kategorije primatelja osobnih podataka<\/strong><\/h3>\n<p style=\"text-align: justify;\">Va\u0161e osobne podatke koje obra\u0111ujemo u svojstvu izvr\u0161itelja obrade osobnih podataka dat \u0107emo voditelju obrade osobnih podataka (kreditnoj instituciji), u skladu sa svrhom obrade osobnih podataka koju je odredio voditelj obrade osobnih podataka i pravilima voditelja obrade osobnih podataka. To uklju\u010duje i osobne podatke koje prikupljamo radi izvr\u0161avanja zakonskih obveza propisanih Zakonom o sprje\u010davanju pranja novca i financiranja terorizma te me\u0111unarodnih poreznih propisa (FATCA, CRS i sli\u010dno).<\/p>\n<p style=\"text-align: justify;\">Va\u0161i osobni podaci mogu biti otkriveni drugim primateljima kako bismo ispunili svoje zakonske obveze, odnosno na zahtjev dr\u017eavnog tijela (kao \u0161to su Agencija za za\u0161titu osobnih podataka, Ured za sprje\u010davanje pranja novca i financiranja terorizma, Financijski inspektorat, Ministarstvo financija, Porezna uprava, DORH i sl.). Tako\u0111er, va\u0161i osobni podaci mogu biti otkriveni sudovima, javnim bilje\u017enicima, odvjetnicima, revizorima, sudskim vje\u0161tacima i drugim osobama, ako je to nu\u017eno za postavljanje, ostvarivanje ili obranu pravnih zahtjeva, neovisno je li to u sudskom ili upravnom postupku ili bilo kojem izvansudskom postupku.<\/p>\n<h3 style=\"text-align: justify;\"><strong>Marketing<\/strong><\/h3>\n<p style=\"text-align: justify;\">Uz va\u0161u privolu, obra\u0111ujemo va\u0161e osobne podatke za potrebe marketinga u smislu obavje\u0161tavanja o ponudama, proizvodima i uslugama Dru\u0161tva i njegovih partnera. Podaci koje u tu svrhu obra\u0111ujemo su: ime i prezime, puna adresa (ulica, ku\u0107ni broj, stubi\u0161te, stan, po\u0161tanski broj, grad, dr\u017eava), broj telefona, adresa e-po\u0161te i broj mobilnog telefona (ukoliko je primjenjivo), datum ro\u0111enja. Privola se odnosi i na to da va\u0161e osobne podatke obra\u0111uje jedan ili vi\u0161e partnera Dru\u0161tva te da vam se partner Dru\u0161tva izravno obrati.<\/p>\n<p style=\"text-align: justify;\">Ukoliko niste dali svoju privolu ili ste je opozvali, va\u0161e osobne podatke ne\u0107emo koristiti u marketin\u0161ke svrhe.<\/p>\n<p style=\"text-align: justify;\">Pravnu osnovu za to \u010dini \u010dlanak 6. stavak 1. to\u010dka (a) Op\u0107e uredbe o za\u0161titi osobnih podataka (ispitanik je dao privolu za obradu svojih osobnih podataka u jednu ili vi\u0161e posebnih svrha).<\/p>\n<h3 style=\"text-align: justify;\"><strong>Informacije o namjeri prijenosa osobnih podataka primatelju u tre\u0107oj zemlji ili me\u0111unarodnoj organizaciji te postoji li odluka o primjerenosti<\/strong><\/h3>\n<p style=\"text-align: justify;\">Dru\u0161tvo ne namjerava prenositi va\u0161e osobne podatke primatelju u tre\u0107oj zemlji ili me\u0111unarodnoj organizaciji, osim ako za takvo \u0161to postoji zakonska obveza.<\/p>\n<h3 style=\"text-align: justify;\"><strong>Razdoblje pohrane osobnih podataka i kriteriji za utvr\u0111ivanje tog razdoblja<\/strong><\/h3>\n<p style=\"text-align: justify;\">Va\u0161e osobne podatke \u0107emo pohranjivati onoliko dugo koliko je potrebno za ispunjenje svrhe radi koje ih obra\u0111ujemo, a kriterij za odre\u0111ivanje tog vremena upravo je svrha njihova prikupljanja, zastara potra\u017eivanja propisana zakonom ili to\u010dno odre\u0111ena odredba drugog zakona koji nas obvezuje na to\u010dno odre\u0111eno vrijeme \u010duvanja va\u0161ih osobnih podataka.<\/p>\n<h3 style=\"text-align: justify;\"><strong>Va\u0161a prava u odnosu na osobne podatke<\/strong><\/h3>\n<p style=\"text-align: justify;\">Kako bismo osigurali po\u0161tenu i transparentnu obradu va\u0161ih osobnih podataka, upu\u0107ujemo vas na va\u0161a prava:<\/p>\n<ul style=\"text-align: justify;\">\n<li><strong>pravo na pristup <\/strong>\u2013 imate pravo u svakom trenutku kontaktirati nas i dobiti informaciju obra\u0111uju li se va\u0161i osobni podaci i u kojem obujmu te, ako se ti podaci obra\u0111uju, zatra\u017eiti pristup osobnim podacima i informacijama na koje imate pravo u svezi za\u0161tite osobnih podataka. Dru\u0161tvo vam osigurava kopiju osobnih podataka koji se obra\u0111uju, a za sve dodatne kopije koje zatra\u017eite, mo\u017eemo vam naplatiti razumnu naknadu na temelju administrativnih tro\u0161kova, ako zahtjev podnesete elektroni\u010dkim putem, osim ako ne zatra\u017eite druga\u010dije, informacije vam pru\u017eamo u uobi\u010dajenom elektroni\u010dkom obliku;<\/li>\n<li><strong>pravo na ispravak<\/strong> \u2013 ako obra\u0111ujemo va\u0161e osobne podatke koji su neto\u010dni, u bilo kojem trenutku mo\u017eete od nas tra\u017eiti da ih ispravimo, a ukoliko su oni nepotpuni, imate ih pravo dopuniti;<\/li>\n<li><strong>pravo na brisanje <\/strong>\u2013 imate pravo od nas tra\u017eiti brisanje osobnih podataka koji se odnose na vas ako smo ih nezakonito obradili ili ako osobni podaci vi\u0161e nisu nu\u017eni u odnosu na svrhu obrade ili sl. Molimo da uzmete u obzir da postoje razlozi koji onemogu\u0107uju trenuta\u010dno brisanje, primjerice radi postavljanja, ostvarivanja ili obrane pravnih zahtjeva, a o \u010demu \u0107emo vas detaljno izvijestiti u odnosu na svaki pojedini zahtjev;<\/li>\n<li><strong>pravo na ograni\u010denje obrade <\/strong>\u2013 mo\u017eete od nas zatra\u017eiti ograni\u010denje obrade svojih podataka: ako osporavate to\u010dnost osobnih podataka tijekom razdoblja koji nam omogu\u0107uje provjeru to\u010dnosti tih podataka; ako je obrada nezakonita, ali se protivite brisanju i umjesto toga tra\u017eite ograni\u010denje uporabe tih podataka; ako nam podaci vi\u0161e nisu potrebni za potrebe obrade, ali ih tra\u017eite radi postavljanja, ostvarivanja i obrane pravnih zahtjeva; ako ste ulo\u017eili prigovor na obradu;<\/li>\n<li><strong>pravo na prenosivost podataka \u2013 <\/strong>imate pravo zaprimiti va\u0161e osobne podatke koje ste nam pru\u017eili, u strukturiranom, uobi\u010dajeno upotrebljavanom i strojno \u010ditljivom formatu te imate pravo prenijeti te podatke drugom voditelju obrade, ako se obrada temelji na privoli ili ugovoru i provodi se automatiziranim putem;<\/li>\n<li><strong>pravo na prigovor \u2013 <\/strong>u svakom trenutku mo\u017eete ulo\u017eiti prigovor na obradu va\u0161ih osobnih podataka, ako se obrada temelji na na\u0161im legitimnim interesima, uklju\u010duju\u0107i izradu profila ili ako va\u0161e podatke obra\u0111ujemo za potrebe izravnog marketinga;<\/li>\n<li><strong>pravo na pritu\u017ebu <\/strong>\u2013 ako smatrate da smo obradom va\u0161ih osobnih podataka prekr\u0161ili Op\u0107u uredbu o za\u0161titi osobnih podataka ili druge propise u svezi sa za\u0161titom osobnih podataka, molimo da se obratite na\u0161em Povjereniku za za\u0161titu osobnih podataka (kontakt podaci povjerenika navedeni su na po\u010detku ove Politike privatnosti) kako bismo razjasnili sporna pitanja;<\/li>\n<li><strong>pravo na povla\u010denje privole \u2013 <\/strong>kad se obrada temelji na privoli, imate pravo u bilo kojem trenutku povu\u0107i privolu, s tim da to ne utje\u010de na zakonitost obrade koja se temeljila na privoli prije nego \u0161to je ona povu\u010dena, a povu\u0107i privolu mo\u017eete tako \u0161to o tome pisanim putem obavijestite Dru\u0161tvo: elektroni\u010dkom po\u0161tom ili po\u0161tom na adresu Dru\u0161tva (kontakt podaci Dru\u0161tva navedeni su na po\u010detku ove Politike privatnosti), ili pisanim putem obavijestite Povjerenika za za\u0161titu osobnih podataka (kontakt podaci povjerenika navedeni su na po\u010detku ove Politike privatnosti).<\/li>\n<li><strong>pravo na naknadu \u0161tete \u2013 <\/strong>ukoliko ste pretrpjeli (ne)imovinsku \u0161tetu zbog kr\u0161enja relevantnih zakonskih odredbi, imate pravo na naknadu za pretrpljenu \u0161tetu od Dru\u0161tva ili voditelja obrade ako je Dru\u0161tvo izvr\u0161itelj obrade.<\/li>\n<\/ul>\n<p style=\"text-align: justify;\">Na va\u0161 zahtjev odgovorit \u0107emo u primjerenom roku, a najkasnije u roku od mjesec dana od dana primitka zahtjeva, ukoliko nije tra\u017eeno du\u017ee vremensko razdoblje za isto, u kojem slu\u010daju isto razdoblje ne smije prema\u0161ivati 2 mjeseca.<\/p>\n<h3 style=\"text-align: justify;\"><strong>Napomene<\/strong><\/h3>\n<p style=\"text-align: justify;\">Ovaj dokument o postupanju s osobnim podacima redovno se a\u017eurira, a njegova najnovija verzija uvijek je dostupna na internetskim stranicama Dru\u0161tva<\/p>\n<p style=\"text-align: justify;\">Ova Politika privatnosti primjenjuje se od 25. svibnja 2018.<\/p>\n<\/div>\n<\/section>\n<\/div>\n<\/div>\n<p>[\/vc_column_text][\/vc_column][\/vc_row]<\/p>","protected":false},"excerpt":{"rendered":"<p>[vc_row][vc_column][rev_slider_vc alias=&#8221;privatnost&#8221;][\/vc_column][\/vc_row][vc_row][vc_column][vc_column_text] Ovim pravilom privatnosti OMEGA PARTNER d.o.o. (dalje u tekstu: Dru\u0161tvo) vam u skladu s Op\u0107om uredbom o za\u0161titi osobnih podataka daje osnovne informacije o obradi va\u0161ih osobnih podataka. Stoga vas molimo da pa\u017eljivo pro\u010ditate tekst u nastavku te da nam se, u slu\u010daju nejasno\u0107a ili potrebe za dodatnim informacijama u svezi s obradom<\/p>\n","protected":false},"author":1,"featured_media":0,"parent":0,"menu_order":0,"comment_status":"closed","ping_status":"closed","template":"","meta":[],"_links":{"self":[{"href":"https:\/\/www.omega-partner.hr\/en\/wp-json\/wp\/v2\/pages\/1867"}],"collection":[{"href":"https:\/\/www.omega-partner.hr\/en\/wp-json\/wp\/v2\/pages"}],"about":[{"href":"https:\/\/www.omega-partner.hr\/en\/wp-json\/wp\/v2\/types\/page"}],"author":[{"embeddable":true,"href":"https:\/\/www.omega-partner.hr\/en\/wp-json\/wp\/v2\/users\/1"}],"replies":[{"embeddable":true,"href":"https:\/\/www.omega-partner.hr\/en\/wp-json\/wp\/v2\/comments?post=1867"}],"version-history":[{"count":7,"href":"https:\/\/www.omega-partner.hr\/en\/wp-json\/wp\/v2\/pages\/1867\/revisions"}],"predecessor-version":[{"id":1899,"href":"https:\/\/www.omega-partner.hr\/en\/wp-json\/wp\/v2\/pages\/1867\/revisions\/1899"}],"wp:attachment":[{"href":"https:\/\/www.omega-partner.hr\/en\/wp-json\/wp\/v2\/media?parent=1867"}],"curies":[{"name":"wp","href":"https:\/\/api.w.org\/{rel}","templated":true}]}}