{"id":1863,"date":"2018-06-20T14:09:06","date_gmt":"2018-06-20T14:09:06","guid":{"rendered":"http:\/\/www.omega-partner.hr\/?page_id=1863"},"modified":"2018-06-20T14:23:41","modified_gmt":"2018-06-20T14:23:41","slug":"cookie-pravila","status":"publish","type":"page","link":"https:\/\/www.omega-partner.hr\/en\/cookie-pravila\/","title":{"rendered":"Cookie pravila"},"content":{"rendered":"<p>[vc_row][vc_column][rev_slider_vc alias=&#8221;cookie&#8221;][\/vc_column][\/vc_row][vc_row][vc_column][vc_empty_space height=&#8221;60px&#8221;][\/vc_column][\/vc_row][vc_row][vc_column][vc_column_text]<\/p>\n<h2 id=\"what_is_a_cookie\" style=\"text-align: justify;\">\u0160to je cookie?<\/h2>\n<p style=\"text-align: justify;\">Ve\u0107ina internetskih stranica koje posje\u0107ujete koriste cookie kako bi omogu\u0107ili da vas stranica \u201czapamti\u201d tijekom jednog (koriste\u0107i \u201cjednokratni cookie\u201d) ili vi\u0161e posjeta (koriste\u0107i \u201ctrajni cookie\u201d).<\/p>\n<p style=\"text-align: justify;\">Cookie koristimo iz vi\u0161e razloga, on poma\u017ee pri pregledavanju internetskih stranica jer pamti va\u0161e sklonosti te kao takav pobolj\u0161ava va\u0161e osobno iskustvo na internetskoj stranici. Cookie su osmi\u0161ljeni kako bi br\u017ee i lak\u0161e vr\u0161ili komunikaciju me\u0111u vama i internetskom stranicom. Ukoliko neka internetska stranica ne koristi cookie, vi \u0107e te za tu stranicu biti novi posjetitelj svakog puta kada se sadr\u017eaj osvje\u017ei. Na primjer, kada se prijavite na neku internetsku stranicu sa svojim korisni\u010dkim imenom i kliknete na drugu stranicu, ta vas vi\u0161e ne\u0107e prepoznati, stoga \u0107e te se morat prijaviti jo\u0161 jednom.<\/p>\n<p style=\"text-align: justify;\">Neke interentske stranice koriste cookie kako bi si omogu\u0107ile slanje reklamnih sadr\u017eaja na ciljanu publiku koju profilira prema stranicama koje naj\u010de\u0161\u0107e posje\u0107ujemo.<\/p>\n<p style=\"text-align: justify;\">Cookie mogu postaviti urednici internetske stranice koju posje\u0107ujete (\u2018first party cookies\u2019) ili drugih internetskih stranica koje stavljaju svoj sadr\u017eaj na stranicu koju ste posjetili (\u2018third party cookies\u2019)<\/p>\n<h2 id=\"what_is_in_a_cookie\" style=\"text-align: justify;\">\u0160to je unutar?<\/h2>\n<p style=\"text-align: justify;\">Cookie je jednostavna tekstualna datoteka pohranjena na va\u0161em ra\u010dunalu ili mobitelu ,od strane servera internetske stranice, kako bi stranica koju posje\u0107ujete mogla primiti sadr\u017eaj cookie-a. Svaki cookie je jedinstven va\u0161em web pregledniku. Sadr\u017ei anonimne informacije, poput jedinstvene identifikacije i imena internetske stranice te nekolicinu brojeva. To omogu\u0107uje internetskoj stranici da upamti va\u0161e postavke ili recimo sadr\u017eaj va\u0161e ko\u0161arice.<\/p>\n<h2 id=\"what_to_do_if_you_do_not_want_cookies_to_be_set\" style=\"text-align: justify;\">\u0160to mo\u017eete u\u010diniti ukoliko ne \u017eelite cookie<\/h2>\n<p style=\"text-align: justify;\">Neke osobe smatraju da je pohranjivanje osobnih informacija od strane internetskih stranica koje posje\u0107ujemo povreda privatnosti, pogotovo ako na\u0161e informacije pohranjuju tre\u0107e strane (\u201cthird party cookies\u201d) bez na\u0161eg znanja. Iako je pohrana ovih informacija generalno bezopasna, mo\u017eda samo \u017eelite izbje\u0107i stalne reklame ciljane na va\u0161e interese. Ukoliko vas brinu navedene stvari, mo\u017eete ih blokirati (neke ili sve, pa \u010dak i one cookie koje su ve\u0107 pohranjeni). Pritom morate biti svjesni da \u0107ete izgubiti neke funkcije internetske stranice.<\/p>\n<h2 id=\"session_cookies\" style=\"text-align: justify;\">Cookie za jednokratnu posjetu stranice<\/h2>\n<p style=\"text-align: justify;\">Cookie za jednokratnu posjetu stranice su privremeno pohranjeni, i to samo u vremenu trajanja va\u0161eg pregledavanja internetske stranice. Po zavr\u0161etku pregledavanja cookie se automatski izbri\u0161e.<\/p>\n<h2 id=\"persistent_cookies\" style=\"text-align: justify;\">Trajni cookie<\/h2>\n<p style=\"text-align: justify;\">Ova vrsta cookiea se pohranjuje na va\u0161em ra\u010dunalu na odre\u0111eni period (obi\u010dno godinu dana ili vi\u0161e), \u0161to zna\u010di da se ne bri\u0161e automatski po zavr\u0161etku pregledavanja. Trajni cookie se koristi kako bi odre\u0111ena internetska stranica znala tko ste na du\u017ee vrijeme. Na primjer, trajni cookie se koristi kako bi zapamtili va\u0161e postavke i \u017eelje prilikom sljede\u0107eg posjeta internetskoj stranici.<\/p>\n<h2 id=\"how_can_i_control_web_browser_cookies\" style=\"text-align: justify;\">Kako mogu nadzirati cookie svog preglednika?<\/h2>\n<p style=\"text-align: justify;\">Ukoliko ne \u017eelite dobivati cookie, na svojem pregledniku mo\u017eete urediti postavke tako da vas sistem upozori svaki put kada \u017eeli koristiti cookie ili ih mo\u017eete blokirati. Cookie koji je ve\u0107 poslan mo\u017ee se pobrisati.<\/p>\n<p style=\"text-align: justify;\">Ukoliko \u017eelite blokirati cookie, podesite postavke svojeg internet preglednika. Funkcija \u201cpomo\u0107\u201d bi vam trebala objasniti kako, ukoliko ne znate. Mo\u017eete posjetiti i <a href=\"http:\/\/www.aboutcookies.org\" target=\"blank\">www.aboutcookies.org<\/a>s dodatnim informacijama.<\/p>\n<p style=\"text-align: justify;\">Upute za blokiranje cookie-a za odre\u0111ene internet preglednike:<\/p>\n<ul style=\"text-align: justify;\">\n<li><a href=\"http:\/\/windows.microsoft.com\/Hr-hr\/windows7\/how-to-manage-cookies-in-internet-explorer-9\" target=\"blank\">Internet Explorer 9<\/a><\/li>\n<li><a href=\"http:\/\/windows.microsoft.com\/Hr-hr\/windows-vista\/block-or-allow-cookies\" target=\"blank\">Internet Explorer 7 in 8<\/a><\/li>\n<li><a href=\"http:\/\/support.mozilla.org\/hr\/kb\/Uklju%C4%8Divanje%20i%20isklju%C4%8Divanje%20kola%C4%8Di%C4%87a\" target=\"blank\">Mozzila Firefox<\/a><\/li>\n<li><a href=\"https:\/\/support.google.com\/chrome\/answer\/95647?hl=De-de&amp;p=cpn_cookies\" target=\"blank\">Chrome<\/a><\/li>\n<li><a href=\"http:\/\/support.apple.com\/kb\/PH11913\" target=\"blank\">Safari<\/a><\/li>\n<li><a href=\"http:\/\/www.opera.com\/help\/tutorials\/security\/cookies\/\" target=\"blank\">Opera<\/a><\/li>\n<\/ul>\n<p style=\"text-align: justify;\">Mountvacation ve\u0107inom funkcionira bez cookiea, no ukoliko ih blokirate izgubit \u0107ete pojedine funkcije i dodatke. Na primjer, preglednik ne\u0107e pamtiti odabrane datume kad osvje\u017eite stranicu.<\/p>\n<h2 id=\"strictly_necessary_cookies\" style=\"text-align: justify;\">Strogo neophodni cookie<\/h2>\n<p style=\"text-align: justify;\">Cookie ove vrste su neophodni za va\u0161e lak\u0161e i jednostavnije kori\u0161tenje internetskim stranicama. Potrebne su za pristup osiguranim dijelovima internetske stranice (prijava). Ovi cookiei ne prikupljaju informacije o vama u reklamne svrhe i ne prate stranice koje posje\u0107ujete.<\/p>\n<h2 id=\"functionality_cookies\" style=\"text-align: justify;\">Funckionalni cookie<\/h2>\n<p style=\"text-align: justify;\">Ovakav cookie dozvoljava internetskoj stranici da pamti va\u0161e odabire (korisni\u010dko ime, jezik, lokacija) te da vam pru\u017ei dodatne individualizirane pogodnosti. Informacije skupljene ovim putem su anonimne, i ne mogu se povezati natrag s vama.<\/p>\n<p style=\"text-align: justify;\">Ovi cookiei ne prikupljaju informacije o vama u reklamne svrhe (iako mogu pomo\u0107i reklamama) i ne prate stranice koje posje\u0107ujete. Svrha ovih cookiea je da korisniku olak\u0161a i uljep\u0161a posjet stranici.<\/p>\n<h2 id=\"analytics_cookies\" style=\"text-align: justify;\">Analitski cookie<\/h2>\n<p style=\"text-align: justify;\">Ovakav cookie mo\u017eete prona\u0107i na me\u0111unarodnoj verziji internetske stranice koja slu\u017ei za marketing. Koristimo ih kako bi prilagodili reklamni sadr\u017eaj svakom posjetiocu.<\/p>\n<p style=\"text-align: justify;\">Ne zaboravite: ukoliko blokirate ovaj sadr\u017eaj, sprije\u010diti \u0107ete nas da nau\u010dimo \u0161to se na\u0161im posjetiocima svi\u0111a ili ne svi\u0111a te zbog toga ne\u0107emo mo\u0107i unaprijediti na\u0161e stranice i ponudu.<\/p>\n<p>[\/vc_column_text][\/vc_column][\/vc_row]<\/p>","protected":false},"excerpt":{"rendered":"<p>[vc_row][vc_column][rev_slider_vc alias=&#8221;cookie&#8221;][\/vc_column][\/vc_row][vc_row][vc_column][vc_empty_space height=&#8221;60px&#8221;][\/vc_column][\/vc_row][vc_row][vc_column][vc_column_text] \u0160to je cookie? Ve\u0107ina internetskih stranica koje posje\u0107ujete koriste cookie kako bi omogu\u0107ili da vas stranica \u201czapamti\u201d tijekom jednog (koriste\u0107i \u201cjednokratni cookie\u201d) ili vi\u0161e posjeta (koriste\u0107i \u201ctrajni cookie\u201d). Cookie koristimo iz vi\u0161e razloga, on poma\u017ee pri pregledavanju internetskih stranica jer pamti va\u0161e sklonosti te kao takav pobolj\u0161ava va\u0161e osobno iskustvo na internetskoj<\/p>\n","protected":false},"author":1,"featured_media":0,"parent":0,"menu_order":0,"comment_status":"closed","ping_status":"closed","template":"","meta":[],"_links":{"self":[{"href":"https:\/\/www.omega-partner.hr\/en\/wp-json\/wp\/v2\/pages\/1863"}],"collection":[{"href":"https:\/\/www.omega-partner.hr\/en\/wp-json\/wp\/v2\/pages"}],"about":[{"href":"https:\/\/www.omega-partner.hr\/en\/wp-json\/wp\/v2\/types\/page"}],"author":[{"embeddable":true,"href":"https:\/\/www.omega-partner.hr\/en\/wp-json\/wp\/v2\/users\/1"}],"replies":[{"embeddable":true,"href":"https:\/\/www.omega-partner.hr\/en\/wp-json\/wp\/v2\/comments?post=1863"}],"version-history":[{"count":5,"href":"https:\/\/www.omega-partner.hr\/en\/wp-json\/wp\/v2\/pages\/1863\/revisions"}],"predecessor-version":[{"id":1876,"href":"https:\/\/www.omega-partner.hr\/en\/wp-json\/wp\/v2\/pages\/1863\/revisions\/1876"}],"wp:attachment":[{"href":"https:\/\/www.omega-partner.hr\/en\/wp-json\/wp\/v2\/media?parent=1863"}],"curies":[{"name":"wp","href":"https:\/\/api.w.org\/{rel}","templated":true}]}}