{"id":1860,"date":"2018-06-20T14:08:09","date_gmt":"2018-06-20T14:08:09","guid":{"rendered":"http:\/\/www.omega-partner.hr\/?page_id=1860"},"modified":"2018-06-20T14:21:24","modified_gmt":"2018-06-20T14:21:24","slug":"uvjeti-koristenja","status":"publish","type":"page","link":"https:\/\/www.omega-partner.hr\/en\/uvjeti-koristenja\/","title":{"rendered":"Uvjeti kori\u0161tenja"},"content":{"rendered":"<p>[vc_row][vc_column][rev_slider_vc alias=&#8221;uvjeti&#8221;][\/vc_column][\/vc_row][vc_row][vc_column][vc_empty_space height=&#8221;60px&#8221;][\/vc_column][\/vc_row][vc_row][vc_column][vc_column_text]<\/p>\n<p>Uvjeti kori\u0161tenja primjenjuju se na sve sadr\u017eaje i usluge s ove web stranice. Kori\u0161tenjem bilo kojeg dijela ove web stranice te svih njezinih dijelova smatra se da su korisnici upoznati s ovim uvjetima i svim rizicima koji nastaju iz kori\u0161tenja ove web stranice te prihva\u0107aju koristiti sadr\u017eaj ove web stranice isklju\u010divo za osobnu uporabu i na vlastitu odgovornost.<\/p>\n<p>Dokumenti, podaci i informacije objavljeni na ovoj web stranici ne smiju se reproducirati, distribuirati ili na bilo koji na\u010din koristiti u komercijalne svrhe bez izri\u010ditog pristanka imatelja prava ove web stranice ili na bilo koji na\u010din koji mo\u017ee uzrokovati \u0161tetu ovoj ili bilo kojoj tre\u0107oj strani.<\/p>\n<p>Zabranjeno je javno prikazivanje, objavljivanje, preno\u0161enje, mijenjanje, reproduciranje, sudjelovanje u prijenosu ili prodaji, distribucija, izrada kopija, otpremanje te svaka druga vrsta uporabe sadr\u017eaja ovih stranica ili jednog njihova dijela te odabir i uskla\u0111ivanje njihova sadr\u017eaja, bez izri\u010ditog prethodnog pismenog dopu\u0161tenja imatelja prava ove web stranice i drugih vlasnika autorskih prava.<\/p>\n<p>Neovla\u0161teno kori\u0161tenje bilo kojeg dijela web stranice, bez dozvole vlasnika autorskih prava, smatra se kr\u0161enjem autorskih prava imatelja prava ove web stranice i podlo\u017eno je tu\u017ebi.<\/p>\n<p>Kori\u0161tenjem sadr\u017eaja ove web stranice korisnik prihva\u0107a sve rizike koji nastaju iz kori\u0161tenja ove web stranice te prihva\u0107a koristiti sadr\u017eaj ove web stranice isklju\u010divo za osobnu uporabu i na vlastitu odgovornost. Nastojat \u0107emo ovu web stranicu za\u0161titi od virusa i drugih malicioznih i \u0161tetnih softvera, ali ne jam\u010dimo njihovu potpunu odsutnost. S tim u svezi, upu\u0107ujemo korisnike ove web stranice na poduzimanje potrebnih mjera za\u0161tite kao \u0161to su npr. uporaba vlastitih antivirusnih programa.<\/p>\n<p>Kori\u0161tenje web stranice uklju\u010duje i davanje osobnih podataka korisnika, kao i prikupljanje podataka, kao \u0161to je va\u0161a IP adresa, postavke jezika, vrstu preglednika, oznaku datuma i vremena, pru\u017eatelja internet usluga, operativni sustav. Ti podaci prikupljaju se u svrhu pobolj\u0161anja web stranice, zbog pru\u017eanja kvalitetnijih informacija o samom sadr\u017eaju na stranici, njenim uslugama i proizvodima. Prikupljene informacije spremaju se na log datoteke na va\u0161em ra\u010dunalu.<\/p>\n<p>Sve informacije koje se prikupe prilikom va\u0161e posjete web stranicama koriste se isklju\u010divo za analizu trendova, vo\u0111enje stranice, prikupljanje demografskih podataka, te pra\u0107enje pona\u0161anja posjetitelja na na\u0161im stranicama u svrhu pobolj\u0161anja usluga, proizvoda i sadr\u017eaja stranice. Kori\u0161tenjem web stranice, njezinog sadr\u017eaja, usluga i proizvoda dajete vlastiti pristanak na prikupljanje gore navedenih podataka te se sla\u017eete s ovim Uvjetima kori\u0161tenja.<\/p>\n<p>Na odre\u0111enim mjestima unutar\u00a0ove web stranice (\u201cNarud\u017ebe\u201d , \u2026) koje nam dobrovoljno dajete tako \u0161to ispunite predmetni upitnik na ovoj web stranici. Navedeni podaci \u0107e se koristiti u svrhu kontakata, odgovaranja na va\u0161e upite, pru\u017eanje informacija na va\u0161 zahtjev i evidencije korisnika ove web stranice, a nu\u017eni su da bismo vam odgovorili na va\u0161 upit i pru\u017eili uslugu. Vi\u0161e o privatnosti pro\u010ditajte u Politici privatnosti.<\/p>\n<p>Kori\u0161tenjem sadr\u017eaja ove web stranice korisnik prihva\u0107a da ova web stranica mo\u017ee koristiti Google Analytics, uslugu analize Interneta koju pru\u017ea Google Inc. (\u201eGoogle\u201c). Google Analytics koristi tzv. kola\u010di\u0107e (\u201ecookies\u201c), tekstualne datoteke koje su pohranjene na va\u0161em ra\u010dunalu i koje omogu\u0107avaju analizu va\u0161eg kori\u0161tenja ove web stranice. Servis Google-a, Google Analytics skra\u0107uje va\u0161u IP adresu u dr\u017eavama \u010dlanicama Europske unije, te se ta IP adresa koristi isklju\u010divo u pra\u0107enju posje\u0107enosti i navika na na\u0161oj web stranici. Informacije koje stvaraju kola\u010di\u0107i o tome kako koristite ovu stranicu (uklju\u010duju\u0107i va\u0161u IP-adresu) \u0161alju se na Google-ov poslu\u017eitelj u SAD-u i tamo pohranjuju. Google mo\u017ee koristiti ove informacije za evaluaciju va\u0161eg kori\u0161tenja Internetske stranice, stvaranje izvje\u0161taja o aktivnosti na stranici za operatera stranice i za pru\u017eanje drugih usluga povezanih s kori\u0161tenjem stranice te Interneta. Google tako\u0111er mo\u017ee prenijeti te informacije tre\u0107im stranama, ako je to zakonski potrebno ili ako te tre\u0107e strane obra\u0111uju podatke prema ugovoru s dru\u0161tvom Google.<\/p>\n<p>Ni pod kojim okolnostima Google ne\u0107e povezati va\u0161u IP-adresu s drugim Google-ovim podacima. Mo\u017eete sprije\u010diti instalaciju kola\u010di\u0107a tako da podesite postavke softvera va\u0161eg preglednika; me\u0111utim, moramo vas obavijestiti da, ako to napravite, ne\u0107ete biti u mogu\u0107nosti u potpunosti koristiti sve funkcije ove internetske stranice. Kori\u0161tenjem ove internetske stranice izjavljujete da se sla\u017eete s obradom podataka koje Google prikupi o vama, na gore opisan na\u010din i u gore navedene svrhe.<\/p>\n<p>[\/vc_column_text][\/vc_column][\/vc_row]<\/p>","protected":false},"excerpt":{"rendered":"<p>[vc_row][vc_column][rev_slider_vc alias=&#8221;uvjeti&#8221;][\/vc_column][\/vc_row][vc_row][vc_column][vc_empty_space height=&#8221;60px&#8221;][\/vc_column][\/vc_row][vc_row][vc_column][vc_column_text] Uvjeti kori\u0161tenja primjenjuju se na sve sadr\u017eaje i usluge s ove web stranice. Kori\u0161tenjem bilo kojeg dijela ove web stranice te svih njezinih dijelova smatra se da su korisnici upoznati s ovim uvjetima i svim rizicima koji nastaju iz kori\u0161tenja ove web stranice te prihva\u0107aju koristiti sadr\u017eaj ove web stranice isklju\u010divo za<\/p>\n","protected":false},"author":1,"featured_media":0,"parent":0,"menu_order":0,"comment_status":"closed","ping_status":"closed","template":"","meta":[],"_links":{"self":[{"href":"https:\/\/www.omega-partner.hr\/en\/wp-json\/wp\/v2\/pages\/1860"}],"collection":[{"href":"https:\/\/www.omega-partner.hr\/en\/wp-json\/wp\/v2\/pages"}],"about":[{"href":"https:\/\/www.omega-partner.hr\/en\/wp-json\/wp\/v2\/types\/page"}],"author":[{"embeddable":true,"href":"https:\/\/www.omega-partner.hr\/en\/wp-json\/wp\/v2\/users\/1"}],"replies":[{"embeddable":true,"href":"https:\/\/www.omega-partner.hr\/en\/wp-json\/wp\/v2\/comments?post=1860"}],"version-history":[{"count":4,"href":"https:\/\/www.omega-partner.hr\/en\/wp-json\/wp\/v2\/pages\/1860\/revisions"}],"predecessor-version":[{"id":1874,"href":"https:\/\/www.omega-partner.hr\/en\/wp-json\/wp\/v2\/pages\/1860\/revisions\/1874"}],"wp:attachment":[{"href":"https:\/\/www.omega-partner.hr\/en\/wp-json\/wp\/v2\/media?parent=1860"}],"curies":[{"name":"wp","href":"https:\/\/api.w.org\/{rel}","templated":true}]}}