{"id":1834,"date":"2018-03-01T22:59:12","date_gmt":"2018-03-01T22:59:12","guid":{"rendered":"http:\/\/www.omega-partner.hr\/?page_id=1834"},"modified":"2018-03-01T23:05:43","modified_gmt":"2018-03-01T23:05:43","slug":"transferi","status":"publish","type":"page","link":"https:\/\/www.omega-partner.hr\/en\/transferi\/","title":{"rendered":"Transferi"},"content":{"rendered":"<p>[vc_row css=&#8221;.vc_custom_1460958899385{margin-bottom: 56px !important;}&#8221;][vc_column offset=&#8221;vc_hidden-xs&#8221;][rev_slider_vc alias=&#8221;transferi&#8221;][\/vc_column][\/vc_row][vc_row][vc_column][vc_column_text]<\/p>\n<p style=\"text-align: justify;\">Nudimo mogu\u0107nost transfera bilo da ste u poslovnom ili privatnom posjetu u Zagrebu. Ako ste u prolazu ili koristite svoj odmor u metropoli, mi smo tu za vas odvesti vas gdje po\u017eelite.<\/p>\n<p style=\"text-align: justify;\">Mogu\u0107nost odabira VIP vozila (Mercedes V klasa za sedam putnika) ili iznimno udobni Opel vivaro (osam putnika) s osobnim voza\u010dem s izvrsnim poznavanjem engleskog jezika.<\/p>\n<p style=\"text-align: justify;\">WI-FI u vozilu besplatno, dostupan na zahtjev.<\/p>\n<p style=\"text-align: justify;\">Izbjegnite gu\u017evu i stresne situacije, pozive gdje prona\u0107i udobno i sigurno vozilo u zadnji \u010das i unaprijed dogovorite\u00a0 transfer do va\u0161eg odredi\u0161ta u Zagrebu ili organizirajte cijelo putovanje do bilo kojeg odredi\u0161ta u Hrvatskoj ili susjednim zemljama.<\/p>\n<p style=\"text-align: justify;\">Omega partner je idealan izbor za vas. Mi \u0107emo se pobrinuti da stignete na vrijeme do va\u0161eg odredi\u0161ta unato\u010d gu\u017evama, nepredvi\u0111enim zastojima jer je to na\u0161 posao.<\/p>\n<p style=\"text-align: justify;\">Na\u0161a garancija su vrhunska usluga i odli\u010dna cijena. I na kraju neprocjenjivo, osmijeh na\u0161eg voza\u010da kad vas do\u010deka i povede na va\u0161e odredi\u0161te.<\/p>\n<p>[\/vc_column_text][\/vc_column][\/vc_row]<\/p>\n","protected":false},"excerpt":{"rendered":"<p>[vc_row css=&#8221;.vc_custom_1460958899385{margin-bottom: 56px !important;}&#8221;][vc_column offset=&#8221;vc_hidden-xs&#8221;][rev_slider_vc alias=&#8221;transferi&#8221;][\/vc_column][\/vc_row][vc_row][vc_column][vc_column_text] Nudimo mogu\u0107nost transfera bilo da ste u poslovnom ili privatnom posjetu u Zagrebu. Ako ste u prolazu ili koristite svoj odmor u metropoli, mi smo tu za vas odvesti vas gdje po\u017eelite. Mogu\u0107nost odabira VIP vozila (Mercedes V klasa za sedam putnika) ili iznimno udobni Opel vivaro (osam putnika)<\/p>\n","protected":false},"author":1,"featured_media":0,"parent":0,"menu_order":0,"comment_status":"closed","ping_status":"closed","template":"","meta":[],"_links":{"self":[{"href":"https:\/\/www.omega-partner.hr\/en\/wp-json\/wp\/v2\/pages\/1834"}],"collection":[{"href":"https:\/\/www.omega-partner.hr\/en\/wp-json\/wp\/v2\/pages"}],"about":[{"href":"https:\/\/www.omega-partner.hr\/en\/wp-json\/wp\/v2\/types\/page"}],"author":[{"embeddable":true,"href":"https:\/\/www.omega-partner.hr\/en\/wp-json\/wp\/v2\/users\/1"}],"replies":[{"embeddable":true,"href":"https:\/\/www.omega-partner.hr\/en\/wp-json\/wp\/v2\/comments?post=1834"}],"version-history":[{"count":6,"href":"https:\/\/www.omega-partner.hr\/en\/wp-json\/wp\/v2\/pages\/1834\/revisions"}],"predecessor-version":[{"id":1842,"href":"https:\/\/www.omega-partner.hr\/en\/wp-json\/wp\/v2\/pages\/1834\/revisions\/1842"}],"wp:attachment":[{"href":"https:\/\/www.omega-partner.hr\/en\/wp-json\/wp\/v2\/media?parent=1834"}],"curies":[{"name":"wp","href":"https:\/\/api.w.org\/{rel}","templated":true}]}}