{"id":1813,"date":"2018-02-13T09:08:37","date_gmt":"2018-02-13T09:08:37","guid":{"rendered":"http:\/\/www.omega-partner.hr\/?page_id=1813"},"modified":"2018-02-13T09:17:24","modified_gmt":"2018-02-13T09:17:24","slug":"knjigovodstvo","status":"publish","type":"page","link":"https:\/\/www.omega-partner.hr\/en\/knjigovodstvo\/","title":{"rendered":"Knjigovodstvo"},"content":{"rendered":"<p>[vc_row css=&#8221;.vc_custom_1460958899385{margin-bottom: 56px !important;}&#8221;][vc_column offset=&#8221;vc_hidden-xs&#8221;][rev_slider_vc alias=&#8221;knjigo&#8221;][\/vc_column][\/vc_row][vc_row css=&#8221;.vc_custom_1518513323804{padding-top: 35px !important;padding-bottom: 35px !important;}&#8221;][vc_column width=&#8221;1\/2&#8243;][vc_column_text]<\/p>\n<p><strong>Kvalitet se dugo pamti i kad se cijena zaboravi&#8230;<\/strong><\/p>\n<p><strong>Ra\u010dunovodstvene usluge<\/strong><\/p>\n<p>Nudimo ra\u010dunovodstvene usluge u skladu sa Zakonom o ra\u010dunovodstvu, hrvatskim i me\u0111unarodnim me\u0111unarodnim ra\u010dunovodstvenim standardima i standardima finacijskogfinancijskog izvje\u0161\u0107ivanja (ovisno o veli\u010dini i potrebama klijenta) te poreznim propisima.<\/p>\n<ul>\n<li>izrada\u00a0ra\u010dunovodstvene politike i kontnog\u00a0plana prema specifi\u010dnim potrebama svakog klijenta<\/li>\n<li>vo\u0111enje financijskog knjigovodstva: dnevnika i glavne knjige<\/li>\n<li>analiti\u010dko knjigovodstvo i pomo\u0107ne knjige \u2013 dugotrajna imovina (osnovna sredstva) s obra\u010dunom amortizacije, salda-konti kupaca, salda-konti dobavlja\u010da, blagajne, knjige putnih naloga i ostalog prema Va\u0161im specifi\u010dnim potrebama<\/li>\n<li>knji\u017eenje ulaznih (URA) i izlaznih (IRA) dokumenata te njihova klasifikacija<\/li>\n<li>popunjavanje izvje\u0161taja za potrebe dr\u017eavnih institucija<\/li>\n<li>rekapitulacije potra\u017eivanja i obaveza<\/li>\n<li>izrada poreznih evidencija<\/li>\n<li>platni promet<\/li>\n<li>fakturiranje<\/li>\n<li>dostava i preuzimanje dokumentacije<\/li>\n<li>dostupnost podataka po dogovoru<\/li>\n<\/ul>\n<p><strong>Obra\u010dun pla\u0107a<\/strong><\/p>\n<p>Sve ve\u0107i broj poduze\u0107a slijedi trend da kroz outsourcing obra\u010duna pla\u0107e, pove\u0107a svoju efikasnost i smanji rizike prisutne kod vo\u0111enja evidencija ljudskih resursa. Usluge obra\u010duna pla\u0107a obavljaju se u skladu sa propisima o porezu na dohodak, zakon o radu i drugim propisima koji ure\u0111uju podru\u010dje pla\u0107a i ostalih primanja.<\/p>\n<ul>\n<li>registracija zaposlenika<\/li>\n<li>administracija ugovora<\/li>\n<li>izra\u010dun pla\u0107e, doprinosa, provizija, bonusa i sli\u010dno<\/li>\n<li>izra\u010dun drugog dohotka<\/li>\n<li>uplate i evidencija<\/li>\n<li>izrada izvje\u0161taja za dr\u017eavne institucije i zaposlene<\/li>\n<li>isplata pla\u0107a putem internet bankarstva<\/li>\n<\/ul>\n<p>Ra\u010dunovodstvene usluge i usluge obra\u010duna pla\u0107a obavljamo u na\u0161em poslovnom programu ili ako je potrebno u programu na\u0161ih klijenata.<\/p>\n<p>[\/vc_column_text][\/vc_column][vc_column width=&#8221;1\/2&#8243;][vc_column_text]<\/p>\n<p><strong>Izvje\u0161tavanja<\/strong><\/p>\n<p>U okviru izvje\u0161tavanja pru\u017eamo usluge:<\/p>\n<ul>\n<li>izrade ra\u010dunovodstvenih politika, sukladno zakonskim odredbama i obvezama,<\/li>\n<li>zakonsko izvje\u0161tavanje (trenutno na kvartalnoj ili godi\u0161njoj osnovi) u skladu sa Zakonom o ra\u010dunovodstvu i drugim primjenjivim propisima.<\/li>\n<li>izvje\u0161tavanje menad\u017ementa na mjese\u010dnoj osnovi ili prema dogovoru<\/li>\n<li>izrade i provjere kreditnih upitnika i komunikacija s bankama, po navedenom pitanju, a na zahtjev<\/li>\n<\/ul>\n<p>Koristim usluge e-porezne, LANA-mirovinsko \u010dime skra\u0107ujemo vrijeme u institucijama.<\/p>\n<p>Ne pi\u0161emo hub obrasce,\u00a0 ali koristimo internet bankarstvo i sve obavljamo umjesto vas\u00a0 i a\u017eurni smo na dnevnoj bazi.<\/p>\n<p>[\/vc_column_text][\/vc_column][\/vc_row][vc_row full_width=&#8221;stretch_row&#8221; el_class=&#8221;third_bg_color&#8221; css=&#8221;.vc_custom_1451889219674{margin-bottom: -60px !important;}&#8221;][vc_column][vc_cta h2=&#8221; Rezervirajte transfer i zapo\u010dnite svoj odmor bezbri\u017eno!&#8221; h2_font_container=&#8221;font_size:20px|color:%23000000|line_height:24px&#8221; h2_use_theme_fonts=&#8221;yes&#8221; shape=&#8221;square&#8221; style=&#8221;flat&#8221; add_button=&#8221;right&#8221; btn_title=&#8221;REZERVACIJA&#8221; btn_style=&#8221;flat&#8221; btn_color=&#8221;theme_style_2&#8243; btn_align=&#8221;right&#8221; btn_i_align=&#8221;right&#8221; btn_i_icon_fontawesome=&#8221;fa fa-chevron-right&#8221; use_custom_fonts_h2=&#8221;true&#8221; btn_button_block=&#8221;true&#8221; btn_add_icon=&#8221;true&#8221; el_class=&#8221;third_bg_color&#8221; css=&#8221;.vc_custom_1518513174485{margin-bottom: 0px !important;}&#8221; btn_link=&#8221;url:http%3A%2F%2Fwww.omega-partner.hr%2Frezervacija-transfera%2F|||&#8221;][\/vc_cta][\/vc_column][\/vc_row]<\/p>","protected":false},"excerpt":{"rendered":"<p>[vc_row css=&#8221;.vc_custom_1460958899385{margin-bottom: 56px !important;}&#8221;][vc_column offset=&#8221;vc_hidden-xs&#8221;][rev_slider_vc alias=&#8221;knjigo&#8221;][\/vc_column][\/vc_row][vc_row css=&#8221;.vc_custom_1518513323804{padding-top: 35px !important;padding-bottom: 35px !important;}&#8221;][vc_column width=&#8221;1\/2&#8243;][vc_column_text] Kvalitet se dugo pamti i kad se cijena zaboravi&#8230; Ra\u010dunovodstvene usluge Nudimo ra\u010dunovodstvene usluge u skladu sa Zakonom o ra\u010dunovodstvu, hrvatskim i me\u0111unarodnim me\u0111unarodnim ra\u010dunovodstvenim standardima i standardima finacijskogfinancijskog izvje\u0161\u0107ivanja (ovisno o veli\u010dini i potrebama klijenta) te poreznim propisima. izrada\u00a0ra\u010dunovodstvene politike i kontnog\u00a0plana<\/p>\n","protected":false},"author":1,"featured_media":0,"parent":0,"menu_order":0,"comment_status":"closed","ping_status":"closed","template":"","meta":[],"_links":{"self":[{"href":"https:\/\/www.omega-partner.hr\/en\/wp-json\/wp\/v2\/pages\/1813"}],"collection":[{"href":"https:\/\/www.omega-partner.hr\/en\/wp-json\/wp\/v2\/pages"}],"about":[{"href":"https:\/\/www.omega-partner.hr\/en\/wp-json\/wp\/v2\/types\/page"}],"author":[{"embeddable":true,"href":"https:\/\/www.omega-partner.hr\/en\/wp-json\/wp\/v2\/users\/1"}],"replies":[{"embeddable":true,"href":"https:\/\/www.omega-partner.hr\/en\/wp-json\/wp\/v2\/comments?post=1813"}],"version-history":[{"count":13,"href":"https:\/\/www.omega-partner.hr\/en\/wp-json\/wp\/v2\/pages\/1813\/revisions"}],"predecessor-version":[{"id":1884,"href":"https:\/\/www.omega-partner.hr\/en\/wp-json\/wp\/v2\/pages\/1813\/revisions\/1884"}],"wp:attachment":[{"href":"https:\/\/www.omega-partner.hr\/en\/wp-json\/wp\/v2\/media?parent=1813"}],"curies":[{"name":"wp","href":"https:\/\/api.w.org\/{rel}","templated":true}]}}