{"id":1501,"date":"2017-02-09T14:23:01","date_gmt":"2017-02-09T14:23:01","guid":{"rendered":"http:\/\/consulting.stylemixthemes.com\/demo\/?page_id=1501"},"modified":"2021-11-03T22:29:32","modified_gmt":"2021-11-03T22:29:32","slug":"o-nama","status":"publish","type":"page","link":"https:\/\/www.omega-partner.hr\/en\/o-nama\/","title":{"rendered":"About Us"},"content":{"rendered":"<p>[vc_row css=&#8221;.vc_custom_1460958899385{margin-bottom: 56px !important;}&#8221;][vc_column offset=&#8221;vc_hidden-xs&#8221;][rev_slider_vc alias=&#8221;o-nama&#8221;][\/vc_column][\/vc_row][vc_row full_width=&#8221;stretch_row&#8221; css=&#8221;.vc_custom_1485516797007{margin-top: -75px !important;margin-bottom: 55px !important;padding-top: 81px !important;padding-bottom: 78px !important;background-color: #f2f2f2 !important;}&#8221;][vc_column width=&#8221;7\/12&#8243;][vc_column_text css=&#8221;.vc_custom_1516206375697{margin-bottom: 25px !important;}&#8221;]<\/p>\n<p style=\"text-align: justify;\"><span class=\"_5yl5\">Professional drivers with excellent knowledge of the English-language and destinations -licensed to drive -first-class vehicles are tailor-made to your needs and wishes&#8230; <\/span><\/p>\n<p style=\"text-align: justify;\"><span class=\"_5yl5\">Ensure your quality transportation and safe arrival at any destination <\/span><\/p>\n<p style=\"text-align: justify;\"><span class=\"_5yl5\">Our services are based on over 10 years of experience. <\/span><span class=\"_5yl5\">In cooperation with our clients, we have recognized the needs that often involve transportation<\/span><\/p>\n<p>&nbsp;<\/p>\n<p><span style=\"font-family: Montserrat; color: #444444; font-size: 16px; letter-spacing: -0.4px;\">\u00a0<\/span>[\/vc_column_text][\/vc_column][vc_column width=&#8221;5\/12&#8243;][vc_single_image image=&#8221;1690&#8243; img_size=&#8221;full&#8221; onclick=&#8221;link_image&#8221;][\/vc_column][\/vc_row][vc_row][vc_column][vc_column_text]<\/p>\n<div style=\"text-align: center;\"><strong>COMPANY INFORMATION<\/strong><\/div>\n<div style=\"text-align: center;\">OMEGA PARTNER d.o.o.<\/div>\n<div style=\"text-align: center;\">Drage Gervaisa 36<\/div>\n<div style=\"text-align: center;\">10090 Zagreb<\/div>\n<div style=\"text-align: center;\">VAT No: 59413137135<\/div>\n<div style=\"text-align: center;\"><\/div>\n<div style=\"text-align: center;\">Funding capital: 20.000,00kn paid in full; Date of registration: 09.12.2005.<\/div>\n<div style=\"text-align: center;\">Phone: +385 (0)91 162 26 00; e-mail: <a href=\"mailto:partner.omega@gmail.com\">partner.omega@gmail.com<\/a><\/div>\n<div style=\"text-align: center;\">IBAN: HR9724840081103431997, Raiffeisen bank<\/div>\n<div style=\"text-align: center;\">SWIFT<em>:<\/em><span class=\"gmail-st\"> RZBHHR2X<\/span><\/div>\n<div style=\"text-align: center;\"><span class=\"gmail-st\">Board member: Snje\u017eana \u0160unji\u0107<br \/>\n<\/span><\/div>\n<div style=\"text-align: center;\">Persons authorized to represent the company:<\/div>\n<div style=\"text-align: center;\">Snje\u017eana \u0160unji\u0107, CEO<\/div>\n<p>[\/vc_column_text][\/vc_column][\/vc_row][vc_row full_width=&#8221;stretch_row&#8221; el_class=&#8221;third_bg_color&#8221; css=&#8221;.vc_custom_1573638307600{margin-top: 60px !important;margin-bottom: -60px !important;}&#8221;][vc_column][vc_cta h2=&#8221;Book a transfer and start your holiday without worry!&#8221; h2_font_container=&#8221;font_size:20px|color:%23000000|line_height:24px&#8221; h2_use_theme_fonts=&#8221;yes&#8221; shape=&#8221;square&#8221; style=&#8221;flat&#8221; add_button=&#8221;right&#8221; btn_title=&#8221;RESERVATION&#8221; btn_style=&#8221;flat&#8221; btn_color=&#8221;theme_style_2&#8243; btn_align=&#8221;right&#8221; btn_i_align=&#8221;right&#8221; btn_i_icon_fontawesome=&#8221;fa fa-chevron-right&#8221; use_custom_fonts_h2=&#8221;true&#8221; btn_button_block=&#8221;true&#8221; btn_add_icon=&#8221;true&#8221; el_class=&#8221;third_bg_color&#8221; css=&#8221;.vc_custom_1518177932794{margin-bottom: 0px !important;}&#8221; btn_link=&#8221;url:http%3A%2F%2Fwww.omega-partner.hr%2Frezervacija-transfera%2F|||&#8221;][\/vc_cta][\/vc_column][\/vc_row]<\/p>","protected":false},"excerpt":{"rendered":"<p>[vc_row css=&#8221;.vc_custom_1460958899385{margin-bottom: 56px !important;}&#8221;][vc_column offset=&#8221;vc_hidden-xs&#8221;][rev_slider_vc alias=&#8221;o-nama&#8221;][\/vc_column][\/vc_row][vc_row full_width=&#8221;stretch_row&#8221; css=&#8221;.vc_custom_1485516797007{margin-top: -75px !important;margin-bottom: 55px !important;padding-top: 81px !important;padding-bottom: 78px !important;background-color: #f2f2f2 !important;}&#8221;][vc_column width=&#8221;7\/12&#8243;][vc_column_text css=&#8221;.vc_custom_1516206375697{margin-bottom: 25px !important;}&#8221;] Professional drivers with excellent knowledge of the English-language and destinations -licensed to drive -first-class vehicles are tailor-made to your needs and wishes&#8230; Ensure your quality transportation and safe arrival at any destination Our<\/p>\n","protected":false},"author":1,"featured_media":0,"parent":0,"menu_order":0,"comment_status":"closed","ping_status":"closed","template":"","meta":[],"_links":{"self":[{"href":"https:\/\/www.omega-partner.hr\/en\/wp-json\/wp\/v2\/pages\/1501"}],"collection":[{"href":"https:\/\/www.omega-partner.hr\/en\/wp-json\/wp\/v2\/pages"}],"about":[{"href":"https:\/\/www.omega-partner.hr\/en\/wp-json\/wp\/v2\/types\/page"}],"author":[{"embeddable":true,"href":"https:\/\/www.omega-partner.hr\/en\/wp-json\/wp\/v2\/users\/1"}],"replies":[{"embeddable":true,"href":"https:\/\/www.omega-partner.hr\/en\/wp-json\/wp\/v2\/comments?post=1501"}],"version-history":[{"count":20,"href":"https:\/\/www.omega-partner.hr\/en\/wp-json\/wp\/v2\/pages\/1501\/revisions"}],"predecessor-version":[{"id":1895,"href":"https:\/\/www.omega-partner.hr\/en\/wp-json\/wp\/v2\/pages\/1501\/revisions\/1895"}],"wp:attachment":[{"href":"https:\/\/www.omega-partner.hr\/en\/wp-json\/wp\/v2\/media?parent=1501"}],"curies":[{"name":"wp","href":"https:\/\/api.w.org\/{rel}","templated":true}]}}